{"id":2245,"date":"2022-04-10T21:34:09","date_gmt":"2022-04-10T21:34:09","guid":{"rendered":"https:\/\/www.btb-fahrerschulung.de\/?page_id=2245"},"modified":"2023-03-02T16:17:18","modified_gmt":"2023-03-02T16:17:18","slug":"startseite","status":"publish","type":"page","link":"https:\/\/www.btb-fahrerschulung.de\/sr\/","title":{"rendered":"Po\u010detak"},"content":{"rendered":"\n<div class=\"wp-block-group alignwide is-layout-flow wp-block-group-is-layout-flow\">\n<header class=\"wp-block-group is-style-border-7 wp-embed-aspect-16-9 wp-has-aspect-ratio is-layout-flow wp-block-group-is-layout-flow\">\n<h1 class=\"wp-block-heading\">Dobro nam do\u0161li<\/h1>\n\n\n\n<h2 class=\"wp-block-heading\">na obuku voza\u010da gotovih BTB-betona<\/h2>\n\n\n\n<p><strong>Sredstvo za rad i pomo\u0107 u obuci \u0161ofera vozila za transport betona<\/strong><\/p>\n<\/header>\n\n\n\n<div class=\"wp-block-columns are-vertically-aligned-top is-style-border-7 wp-embed-aspect-16-9 wp-has-aspect-ratio is-layout-flex wp-container-core-columns-is-layout-1 wp-block-columns-is-layout-flex\">\n<div class=\"wp-block-column is-vertically-aligned-top is-layout-flow wp-block-column-is-layout-flow\">\n<figure class=\"wp-block-image size-large\"><img loading=\"lazy\" decoding=\"async\" width=\"1024\" height=\"537\" src=\"https:\/\/www.btb-fahrerschulung.de\/app\/uploads\/2023\/02\/Screenshot-2023-02-10-125728-1024x537.png\" alt=\"\" class=\"wp-image-2508\" srcset=\"https:\/\/www.btb-fahrerschulung.de\/app\/uploads\/2023\/02\/Screenshot-2023-02-10-125728-1024x537.png 1024w, https:\/\/www.btb-fahrerschulung.de\/app\/uploads\/2023\/02\/Screenshot-2023-02-10-125728-300x157.png 300w, https:\/\/www.btb-fahrerschulung.de\/app\/uploads\/2023\/02\/Screenshot-2023-02-10-125728-768x402.png 768w, https:\/\/www.btb-fahrerschulung.de\/app\/uploads\/2023\/02\/Screenshot-2023-02-10-125728-1536x805.png 1536w, https:\/\/www.btb-fahrerschulung.de\/app\/uploads\/2023\/02\/Screenshot-2023-02-10-125728.png 1920w\" sizes=\"(max-width: 1024px) 100vw, 1024px\" \/><\/figure>\n<\/div>\n\n\n\n<div class=\"wp-block-column is-vertically-aligned-top is-layout-flow wp-block-column-is-layout-flow\">\n<p>Sav materijal u ovoj pomo\u0107i u obuci sastoji se od sadr\u017eaja u\u010denja u ukupnom trajanju od pribli\u017eno tri sata. Dodatno dobivate spoljne ponude za unapre\u0111enje, od slu\u010daja do slu\u010daja. Pregled ovih materijala nije uklju\u010den u predvi\u0111eno ukupno vrijeme od tri sata.<\/p>\n\n\n\n<p>Pozdravljamo pitanja i prijedloge na:<br><a href=\"mailto:info@transportbeton.org\">info@transportbeton.org<\/a><\/p>\n\n\n\n<p>Posebno zahvaljujemo \u010dlanovima radnog odbora BTB \u201eEdukacija i i trening\u201c na tehni\u010dkoj podr\u0161ci.<\/p>\n\n\n\n<p><\/p>\n<\/div>\n<\/div>\n\n\n\n<hr class=\"wp-block-separator has-alpha-channel-opacity is-style-border-7 wp-embed-aspect-16-9 wp-has-aspect-ratio is-style-wide\"\/>\n\n\n\n<div class=\"wp-block-buttons is-content-justification-center is-layout-flex wp-container-core-buttons-is-layout-1 wp-block-buttons-is-layout-flex\">\n<div class=\"wp-block-button is-style-outline\"><a class=\"wp-block-button__link wp-element-button\" href=\"\/?p=1939\">Nastavi na \u201eVozilo I Tehnologija\u201c \u2192<\/a><\/div>\n<\/div>\n<\/div>\n","protected":false},"excerpt":{"rendered":"<p>Dobro nam do\u0161li na obuku voza\u010da gotovih BTB-betona Sredstvo za rad i pomo\u0107 u obuci \u0161ofera vozila za transport betona Sav materijal u ovoj pomo\u0107i u obuci sastoji se od sadr\u017eaja u\u010denja u ukupnom trajanju od pribli\u017eno tri sata. Dodatno dobivate spoljne ponude za unapre\u0111enje, od slu\u010daja do slu\u010daja. Pregled ovih materijala nije uklju\u010den u &hellip; <a href=\"https:\/\/www.btb-fahrerschulung.de\/sr\/\">Continued<\/a><\/p>\n","protected":false},"author":2,"featured_media":0,"parent":0,"menu_order":0,"comment_status":"closed","ping_status":"closed","template":"","meta":{"_acf_changed":false,"footnotes":""},"acf":[],"_links":{"self":[{"href":"https:\/\/www.btb-fahrerschulung.de\/sr\/wp-json\/wp\/v2\/pages\/2245"}],"collection":[{"href":"https:\/\/www.btb-fahrerschulung.de\/sr\/wp-json\/wp\/v2\/pages"}],"about":[{"href":"https:\/\/www.btb-fahrerschulung.de\/sr\/wp-json\/wp\/v2\/types\/page"}],"author":[{"embeddable":true,"href":"https:\/\/www.btb-fahrerschulung.de\/sr\/wp-json\/wp\/v2\/users\/2"}],"replies":[{"embeddable":true,"href":"https:\/\/www.btb-fahrerschulung.de\/sr\/wp-json\/wp\/v2\/comments?post=2245"}],"version-history":[{"count":6,"href":"https:\/\/www.btb-fahrerschulung.de\/sr\/wp-json\/wp\/v2\/pages\/2245\/revisions"}],"predecessor-version":[{"id":2527,"href":"https:\/\/www.btb-fahrerschulung.de\/sr\/wp-json\/wp\/v2\/pages\/2245\/revisions\/2527"}],"wp:attachment":[{"href":"https:\/\/www.btb-fahrerschulung.de\/sr\/wp-json\/wp\/v2\/media?parent=2245"}],"curies":[{"name":"wp","href":"https:\/\/api.w.org\/{rel}","templated":true}]}}