{"id":2828,"date":"2022-04-10T21:34:09","date_gmt":"2022-04-10T21:34:09","guid":{"rendered":"https:\/\/www.btb-fahrerschulung.de\/herzlich-willkommen\/"},"modified":"2023-07-30T23:58:08","modified_gmt":"2023-07-30T23:58:08","slug":"herzlich-willkommen","status":"publish","type":"page","link":"https:\/\/www.btb-fahrerschulung.de\/ro\/","title":{"rendered":"Pagina de start"},"content":{"rendered":"\n<div class=\"wp-block-group alignwide is-layout-flow wp-block-group-is-layout-flow\">\n<header class=\"wp-block-group is-style-border-7 wp-embed-aspect-16-9 wp-has-aspect-ratio is-layout-flow wp-block-group-is-layout-flow\">\n<h1 class=\"wp-block-heading\">Bine a\u021bi venit<\/h1>\n\n\n\n<h2 class=\"wp-block-heading\">la cursul de \u0219colarizare al BTB pentru conduc\u0103torii auto de autobetoniere<\/h2>\n\n\n\n<p><strong>Un \u00eendrum\u0103tor pentru instruirea la locul de munc\u0103 al conduc\u0103torilor auto de autobetoniere.<\/strong><\/p>\n<\/header>\n\n\n\n<div class=\"wp-block-columns are-vertically-aligned-top is-style-border-7 wp-embed-aspect-16-9 wp-has-aspect-ratio is-layout-flex wp-container-core-columns-is-layout-1 wp-block-columns-is-layout-flex\">\n<div class=\"wp-block-column is-vertically-aligned-top is-layout-flow wp-block-column-is-layout-flow\">\n<figure class=\"wp-block-image size-large\"><img loading=\"lazy\" decoding=\"async\" width=\"1024\" height=\"537\" src=\"https:\/\/www.btb-fahrerschulung.de\/app\/uploads\/2023\/02\/Screenshot-2023-02-10-125728-1024x537.png\" alt=\"\" class=\"wp-image-2824\" srcset=\"https:\/\/www.btb-fahrerschulung.de\/app\/uploads\/2023\/02\/Screenshot-2023-02-10-125728-1024x537.png 1024w, https:\/\/www.btb-fahrerschulung.de\/app\/uploads\/2023\/02\/Screenshot-2023-02-10-125728-300x157.png 300w, https:\/\/www.btb-fahrerschulung.de\/app\/uploads\/2023\/02\/Screenshot-2023-02-10-125728-768x402.png 768w, https:\/\/www.btb-fahrerschulung.de\/app\/uploads\/2023\/02\/Screenshot-2023-02-10-125728-1536x805.png 1536w, https:\/\/www.btb-fahrerschulung.de\/app\/uploads\/2023\/02\/Screenshot-2023-02-10-125728.png 1920w\" sizes=\"(max-width: 1024px) 100vw, 1024px\" \/><\/figure>\n<\/div>\n\n\n\n<div class=\"wp-block-column is-vertically-aligned-top is-layout-flow wp-block-column-is-layout-flow\">\n<p>Toate materialele din acest curs de \u0219colarizare au o durat\u0103 total\u0103 de aproximativ trei ore.&nbsp; In plus, de la caz la caz, sunt indicate \u0219i alte surse externe complementare. Vizionarea acestor materiale nu este inclus\u0103 \u00een durata total\u0103, estimat\u0103, de trei ore.<\/p>\n\n\n\n<p>V\u0103 rug\u0103m s\u0103 trimite\u021bi orice \u00eentreb\u0103ri sau sugestii la: <nobr><a href=\"mailto:info@transportbeton.org\">info@transportbeton.org<\/a><\/nobr>.<br><br>Mul\u021bumirile noastre pentru sprijinul profesional se adreseaz\u0103 \u00een special membrilor comisiei de lucru BTB &#8220;Formare \u0219i perfec\u021bionare&#8221;.<\/p>\n\n\n\n<p>Cursul de \u0219colarizare \u00een mai multe limbi al conduc\u0103torilor auto ai Asocia\u021biei Germane de Transport al Betonului este un ghid de lucru \u0219i de perfec\u021bionare pentru conduc\u0103torii auto de autobetoniere.<\/p>\n<\/div>\n<\/div>\n\n\n\n<hr class=\"wp-block-separator has-alpha-channel-opacity is-style-border-7 wp-embed-aspect-16-9 wp-has-aspect-ratio is-style-wide\"\/>\n\n\n\n<div class=\"wp-block-buttons is-content-justification-center is-layout-flex wp-container-core-buttons-is-layout-1 wp-block-buttons-is-layout-flex\">\n<div class=\"wp-block-button is-style-outline\"><a class=\"wp-block-button__link wp-element-button\" href=\"https:\/\/www.btb-fahrerschulung.de\/ro\/kapitel\/fahrzeug-und-technik\/filme\/einfuhrung\/\">Mai departe la \u201eVehicul \u0219i Tehnic\u0103\u201c \u2192<\/a><\/div>\n<\/div>\n<\/div>\n","protected":false},"excerpt":{"rendered":"<p>Bine a\u021bi venit la cursul de \u0219colarizare al BTB pentru conduc\u0103torii auto de autobetoniere Un \u00eendrum\u0103tor pentru instruirea la locul de munc\u0103 al conduc\u0103torilor auto de autobetoniere. Toate materialele din acest curs de \u0219colarizare au o durat\u0103 total\u0103 de aproximativ trei ore.&nbsp; In plus, de la caz la caz, sunt indicate \u0219i alte surse externe &hellip; <a href=\"https:\/\/www.btb-fahrerschulung.de\/ro\/\">Continued<\/a><\/p>\n","protected":false},"author":2,"featured_media":0,"parent":0,"menu_order":0,"comment_status":"closed","ping_status":"closed","template":"","meta":{"_acf_changed":false,"footnotes":""},"acf":[],"_links":{"self":[{"href":"https:\/\/www.btb-fahrerschulung.de\/ro\/wp-json\/wp\/v2\/pages\/2828"}],"collection":[{"href":"https:\/\/www.btb-fahrerschulung.de\/ro\/wp-json\/wp\/v2\/pages"}],"about":[{"href":"https:\/\/www.btb-fahrerschulung.de\/ro\/wp-json\/wp\/v2\/types\/page"}],"author":[{"embeddable":true,"href":"https:\/\/www.btb-fahrerschulung.de\/ro\/wp-json\/wp\/v2\/users\/2"}],"replies":[{"embeddable":true,"href":"https:\/\/www.btb-fahrerschulung.de\/ro\/wp-json\/wp\/v2\/comments?post=2828"}],"version-history":[{"count":7,"href":"https:\/\/www.btb-fahrerschulung.de\/ro\/wp-json\/wp\/v2\/pages\/2828\/revisions"}],"predecessor-version":[{"id":3134,"href":"https:\/\/www.btb-fahrerschulung.de\/ro\/wp-json\/wp\/v2\/pages\/2828\/revisions\/3134"}],"wp:attachment":[{"href":"https:\/\/www.btb-fahrerschulung.de\/ro\/wp-json\/wp\/v2\/media?parent=2828"}],"curies":[{"name":"wp","href":"https:\/\/api.w.org\/{rel}","templated":true}]}}