{"id":2513,"date":"2022-04-10T21:34:09","date_gmt":"2022-04-10T21:34:09","guid":{"rendered":"https:\/\/www.btb-fahrerschulung.de\/?page_id=2513"},"modified":"2023-03-30T03:04:56","modified_gmt":"2023-03-30T03:04:56","slug":"2513-2","status":"publish","type":"page","link":"https:\/\/www.btb-fahrerschulung.de\/hr\/","title":{"rendered":"Po\u010detak"},"content":{"rendered":"\n<div class=\"wp-block-group alignwide is-layout-flow wp-block-group-is-layout-flow\">\n<header class=\"wp-block-group is-style-border-7 wp-embed-aspect-16-9 wp-has-aspect-ratio is-layout-flow wp-block-group-is-layout-flow\">\n<h1 class=\"wp-block-heading\">\u017delimo Vam toplu dobrodo\u0161liua<\/h1>\n\n\n\n<h2 class=\"wp-block-heading\">na obuku voza\u010da gotove betonske smjese BTB<\/h2>\n\n\n\n<p><strong>Pomagalo za rad i obuku voza\u010dica i voza\u010da transportera za beton<\/strong><\/p>\n<\/header>\n\n\n\n<div class=\"wp-block-columns are-vertically-aligned-top is-style-border-7 wp-embed-aspect-16-9 wp-has-aspect-ratio is-layout-flex wp-container-core-columns-is-layout-1 wp-block-columns-is-layout-flex\">\n<div class=\"wp-block-column is-vertically-aligned-top is-layout-flow wp-block-column-is-layout-flow\">\n<figure class=\"wp-block-image size-large\"><img loading=\"lazy\" decoding=\"async\" width=\"1024\" height=\"537\" src=\"https:\/\/www.btb-fahrerschulung.de\/app\/uploads\/2023\/02\/Screenshot-2023-02-10-125728-1-1024x537.png\" alt=\"\" class=\"wp-image-2514\" srcset=\"https:\/\/www.btb-fahrerschulung.de\/app\/uploads\/2023\/02\/Screenshot-2023-02-10-125728-1-1024x537.png 1024w, https:\/\/www.btb-fahrerschulung.de\/app\/uploads\/2023\/02\/Screenshot-2023-02-10-125728-1-300x157.png 300w, https:\/\/www.btb-fahrerschulung.de\/app\/uploads\/2023\/02\/Screenshot-2023-02-10-125728-1-768x402.png 768w, https:\/\/www.btb-fahrerschulung.de\/app\/uploads\/2023\/02\/Screenshot-2023-02-10-125728-1-1536x805.png 1536w, https:\/\/www.btb-fahrerschulung.de\/app\/uploads\/2023\/02\/Screenshot-2023-02-10-125728-1.png 1920w\" sizes=\"(max-width: 1024px) 100vw, 1024px\" \/><\/figure>\n<\/div>\n\n\n\n<div class=\"wp-block-column is-vertically-aligned-top is-layout-flow wp-block-column-is-layout-flow\">\n<p>Sav materijal u ovoj pomo\u0107i pri obuci uklju\u010duje sadr\u017eaj u\u010denja u cjelokupnom trajanju od oko tri sata. Dodatne unaprije\u0111uju\u0107e ponudbe se daju od slu\u010daja do slu\u010daja. Pregledavanje ovih materijala nije uklju\u010deno u predvi\u0111eno vrijeme od tri sata.<\/p>\n\n\n\n<p>Pozdravljamo pitanja i prijedloge na:<br><a href=\"mailto:info@transportbeton.org\">info@transportbeton.org<\/a><\/p>\n\n\n\n<p>Glede tehni\u010dke potpore se posebice zahvaljujemo \u010dlanovima radnog povjerenstva Edukacija i i trening.<\/p>\n<\/div>\n<\/div>\n\n\n\n<hr class=\"wp-block-separator has-alpha-channel-opacity is-style-border-7 wp-embed-aspect-16-9 wp-has-aspect-ratio is-style-wide\"\/>\n\n\n\n<div class=\"wp-block-buttons is-content-justification-center is-layout-flex wp-container-core-buttons-is-layout-1 wp-block-buttons-is-layout-flex\">\n<div class=\"wp-block-button is-style-outline\"><a class=\"wp-block-button__link wp-element-button\" href=\"https:\/\/www.btb-fahrerschulung.de\/kapitel\/fahrzeug-und-technik\/\">Natrag na \u201eVozilo i tehnologija\u201c \u2192<\/a><\/div>\n<\/div>\n<\/div>\n","protected":false},"excerpt":{"rendered":"<p>\u017delimo Vam toplu dobrodo\u0161liua na obuku voza\u010da gotove betonske smjese BTB Pomagalo za rad i obuku voza\u010dica i voza\u010da transportera za beton Sav materijal u ovoj pomo\u0107i pri obuci uklju\u010duje sadr\u017eaj u\u010denja u cjelokupnom trajanju od oko tri sata. Dodatne unaprije\u0111uju\u0107e ponudbe se daju od slu\u010daja do slu\u010daja. Pregledavanje ovih materijala nije uklju\u010deno u predvi\u0111eno &hellip; <a href=\"https:\/\/www.btb-fahrerschulung.de\/hr\/\">Continued<\/a><\/p>\n","protected":false},"author":2,"featured_media":0,"parent":0,"menu_order":0,"comment_status":"closed","ping_status":"closed","template":"","meta":{"_acf_changed":false,"footnotes":""},"acf":[],"_links":{"self":[{"href":"https:\/\/www.btb-fahrerschulung.de\/hr\/wp-json\/wp\/v2\/pages\/2513"}],"collection":[{"href":"https:\/\/www.btb-fahrerschulung.de\/hr\/wp-json\/wp\/v2\/pages"}],"about":[{"href":"https:\/\/www.btb-fahrerschulung.de\/hr\/wp-json\/wp\/v2\/types\/page"}],"author":[{"embeddable":true,"href":"https:\/\/www.btb-fahrerschulung.de\/hr\/wp-json\/wp\/v2\/users\/2"}],"replies":[{"embeddable":true,"href":"https:\/\/www.btb-fahrerschulung.de\/hr\/wp-json\/wp\/v2\/comments?post=2513"}],"version-history":[{"count":4,"href":"https:\/\/www.btb-fahrerschulung.de\/hr\/wp-json\/wp\/v2\/pages\/2513\/revisions"}],"predecessor-version":[{"id":2709,"href":"https:\/\/www.btb-fahrerschulung.de\/hr\/wp-json\/wp\/v2\/pages\/2513\/revisions\/2709"}],"wp:attachment":[{"href":"https:\/\/www.btb-fahrerschulung.de\/hr\/wp-json\/wp\/v2\/media?parent=2513"}],"curies":[{"name":"wp","href":"https:\/\/api.w.org\/{rel}","templated":true}]}}