{"id":2,"date":"2022-04-08T14:12:30","date_gmt":"2022-04-08T14:12:30","guid":{"rendered":"https:\/\/www.btb-fahrerschulung.de\/?page_id=2"},"modified":"2025-09-29T09:13:11","modified_gmt":"2025-09-29T09:13:11","slug":"impressum","status":"publish","type":"page","link":"https:\/\/www.btb-fahrerschulung.de\/hr\/impressum\/","title":{"rendered":"Impressum"},"content":{"rendered":"\n<h2 class=\"wp-block-heading has-text-align-left\">Betreiber<\/h2>\n\n\n\n<p><strong>in puncto Transportbeton GmbH<\/strong><br>Reinhardtstra\u00dfe 14<br>10117 Berlin<br><br>Telefon: <a href=\"tel:00493025922920\">030 2592292-0<br><\/a>Telefax: 030 2592292-39<br><a href=\"mailto:info%40tra%6E%73portbe%74on%2Eor%67\">info@transportbeton.org<\/a><br><br>Amtsgericht Berlin-Charlottenburg HR B 142547<br>UST-ID NR De209826190<br>Gesch\u00e4ftsf\u00fchrer: Dr. Olaf A\u00dfbrock<\/p>\n\n\n\n<hr class=\"wp-block-separator has-alpha-channel-opacity\"\/>\n\n\n\n<p>Inhaltlich verantwortlich nach \u00a7 55 II RStV:<br><br>Dr. Olaf A\u00dfbrock, Bundesverband der Deutschen Transportbetonindustrie e. V.<br>Reinhardtstra\u00dfe 14<br>10117 Berlin<br><br>Telefon: 030 2592292-0<br><a href=\"mailto:info@trans%70ortbeton.%6Frg\">info@transportbeton.org<\/a><\/p>\n\n\n\n<hr class=\"wp-block-separator has-alpha-channel-opacity\"\/>\n\n\n\n<p><strong>Stand der Transportbeton Fahrerschulung ist M\u00e4rz 2021.<\/strong><br>Der Anbieter \u00fcbernimmt keine Gew\u00e4hr f\u00fcr die Richtigkeit, Vollst\u00e4ndigkeit und Aktualit\u00e4t der bereitgestellten Inhalte.<\/p>\n","protected":false},"excerpt":{"rendered":"<p>Betreiber in puncto Transportbeton GmbHReinhardtstra\u00dfe 1410117 Berlin Telefon: 030 2592292-0Telefax: 030 2592292-39info@transportbeton.org Amtsgericht Berlin-Charlottenburg HR B 142547UST-ID NR De209826190Gesch\u00e4ftsf\u00fchrer: Dr. Olaf A\u00dfbrock Inhaltlich verantwortlich nach \u00a7 55 II RStV: Dr. Olaf A\u00dfbrock, Bundesverband der Deutschen Transportbetonindustrie e. V.Reinhardtstra\u00dfe 1410117 Berlin Telefon: 030 2592292-0info@transportbeton.org Stand der Transportbeton Fahrerschulung ist M\u00e4rz 2021.Der Anbieter \u00fcbernimmt keine Gew\u00e4hr f\u00fcr &hellip; <a href=\"https:\/\/www.btb-fahrerschulung.de\/hr\/impressum\/\">Continued<\/a><\/p>\n","protected":false},"author":2,"featured_media":0,"parent":0,"menu_order":3,"comment_status":"closed","ping_status":"closed","template":"","meta":{"_acf_changed":false,"footnotes":""},"acf":[],"_links":{"self":[{"href":"https:\/\/www.btb-fahrerschulung.de\/hr\/wp-json\/wp\/v2\/pages\/2"}],"collection":[{"href":"https:\/\/www.btb-fahrerschulung.de\/hr\/wp-json\/wp\/v2\/pages"}],"about":[{"href":"https:\/\/www.btb-fahrerschulung.de\/hr\/wp-json\/wp\/v2\/types\/page"}],"author":[{"embeddable":true,"href":"https:\/\/www.btb-fahrerschulung.de\/hr\/wp-json\/wp\/v2\/users\/2"}],"replies":[{"embeddable":true,"href":"https:\/\/www.btb-fahrerschulung.de\/hr\/wp-json\/wp\/v2\/comments?post=2"}],"version-history":[{"count":1,"href":"https:\/\/www.btb-fahrerschulung.de\/hr\/wp-json\/wp\/v2\/pages\/2\/revisions"}],"predecessor-version":[{"id":4162,"href":"https:\/\/www.btb-fahrerschulung.de\/hr\/wp-json\/wp\/v2\/pages\/2\/revisions\/4162"}],"wp:attachment":[{"href":"https:\/\/www.btb-fahrerschulung.de\/hr\/wp-json\/wp\/v2\/media?parent=2"}],"curies":[{"name":"wp","href":"https:\/\/api.w.org\/{rel}","templated":true}]}}